{"id":33,"date":"2019-09-22T11:37:04","date_gmt":"2019-09-22T11:37:04","guid":{"rendered":"http:\/\/shok-online.de\/?page_id=33"},"modified":"2021-10-08T13:39:09","modified_gmt":"2021-10-08T13:39:09","slug":"wir-ueber-uns","status":"publish","type":"page","link":"http:\/\/shok-online.de\/?page_id=33","title":{"rendered":"Wir \u00fcber uns"},"content":{"rendered":"\n<p>Die Schleswig-Holsteinische Orchester-Konferenz wurde am 20. April 2010 in Kiel von Vertretern der drei Kulturorchester in Schleswig-Holstein gegr\u00fcndet.<\/p>\n\n\n\n<p>Unmittelbarer Anlass war die von der damaligen Landesregierung beschlossene Aussetzung der Dynamisierung der Finanzmittel des Landes f\u00fcr die drei Theater und Orchester in Kiel, L\u00fcbeck und Flensburg, welches letztlich eine existenzielle Bedrohung f\u00fcr die Kulturstandorte bedeutete. <br>Unterst\u00fctzt durch die Deutsche Orchestervereinigung (DOV) wurde die SHOK zu einem Aktivposten der politischen Kommunikation und Auseinandersetzung. <br>2012 wurde die Dynamisierung von der neuen Landesregierung wieder eingef\u00fchrt.<\/p>\n\n\n\n<p>Mitglieder der SHOK sind die gew\u00e4hlten ehrenamtlich t\u00e4tigen Orchestervorst\u00e4nde und DOV-Delegierten der Orchester sowie die Betriebs- bzw. Personalr\u00e4te der Theater aus Kiel, L\u00fcbeck und Flensburg.<br>Die Organisation der SHOK liegt in der Hand des Sprecherrats, der sich aus drei von den Mitgliedern gew\u00e4hlten Sprechern zusammensetzt, wobei jedes Orchester einen Sprecher aus seinen Reihen vorschl\u00e4gt.<br><br>Der amtierende Sprecherrat der SHOK:<br>Thomas Bender (L\u00fcbeck), J\u00fcrgen Carl (Kiel), Andreas Deind\u00f6rfer (Flensburg)<\/p>\n\n\n\n<p><\/p>\n","protected":false},"excerpt":{"rendered":"<p>Die Schleswig-Holsteinische Orchester-Konferenz wurde am 20. April 2010 in Kiel von Vertretern der drei Kulturorchester in Schleswig-Holstein gegr\u00fcndet. Unmittelbarer Anlass war die von der damaligen Landesregierung beschlossene Aussetzung der Dynamisierung der Finanzmittel des Landes f\u00fcr die drei Theater und Orchester in Kiel, L\u00fcbeck und Flensburg, welches letztlich eine existenzielle Bedrohung f\u00fcr die Kulturstandorte bedeutete. Unterst\u00fctzt &hellip; <\/p>\n<p class=\"link-more\"><a href=\"http:\/\/shok-online.de\/?page_id=33\" class=\"more-link\"><span class=\"screen-reader-text\">\u201eWir \u00fcber uns\u201c<\/span> weiterlesen<\/a><\/p>\n","protected":false},"author":1,"featured_media":0,"parent":0,"menu_order":0,"comment_status":"closed","ping_status":"closed","template":"","meta":[],"_links":{"self":[{"href":"http:\/\/shok-online.de\/index.php?rest_route=\/wp\/v2\/pages\/33"}],"collection":[{"href":"http:\/\/shok-online.de\/index.php?rest_route=\/wp\/v2\/pages"}],"about":[{"href":"http:\/\/shok-online.de\/index.php?rest_route=\/wp\/v2\/types\/page"}],"author":[{"embeddable":true,"href":"http:\/\/shok-online.de\/index.php?rest_route=\/wp\/v2\/users\/1"}],"replies":[{"embeddable":true,"href":"http:\/\/shok-online.de\/index.php?rest_route=%2Fwp%2Fv2%2Fcomments&post=33"}],"version-history":[{"count":5,"href":"http:\/\/shok-online.de\/index.php?rest_route=\/wp\/v2\/pages\/33\/revisions"}],"predecessor-version":[{"id":197,"href":"http:\/\/shok-online.de\/index.php?rest_route=\/wp\/v2\/pages\/33\/revisions\/197"}],"wp:attachment":[{"href":"http:\/\/shok-online.de\/index.php?rest_route=%2Fwp%2Fv2%2Fmedia&parent=33"}],"curies":[{"name":"wp","href":"https:\/\/api.w.org\/{rel}","templated":true}]}}