{"id":35,"date":"2019-09-22T11:37:04","date_gmt":"2019-09-22T11:37:04","guid":{"rendered":"http:\/\/shok-online.de\/?page_id=35"},"modified":"2021-10-25T20:41:45","modified_gmt":"2021-10-25T20:41:45","slug":"aktuelles","status":"publish","type":"page","link":"https:\/\/shok-online.de\/?page_id=35","title":{"rendered":"Aktuelles"},"content":{"rendered":"\n<p><a href=\"http:\/\/shok-online.de\/wp-content\/uploads\/2021\/10\/PM-DOV-21-41-Niedersachsen-Theater-und-Orchester-fordern-Tarifvorsorge-vom-Land.pdf\" data-type=\"URL\" target=\"_blank\" rel=\"noreferrer noopener\">Pressemitteilung: Niedersachsens Theater und Orchester fordern Tarifvorsorge vom Land<\/a><\/p>\n\n\n\n<p><a href=\"http:\/\/shok-online.de\/wp-content\/uploads\/2021\/09\/DOV-Positionspapier_Kommunal-und-Staatsorchester-5.-Auflage_0.pdf\">Strukturen, Finanzierung, Entwicklungspotentiale der Kommunal- und Staatsorchester in Deutschland &#8211; ORCHESTER 2030 &#8211; Positionspapier der DOV<\/a><\/p>\n\n\n\n<p><a rel=\"noreferrer noopener\" href=\"http:\/\/shok-online.de\/wp-content\/uploads\/2021\/02\/2020_02_05_DOV_InfSchG_La\u0308nder.pdf\" data-type=\"URL\" data-id=\"http:\/\/shok-online.de\/wp-content\/uploads\/2021\/02\/2020_02_05_DOV_InfSchG_La\u0308nder.pdf\" target=\"_blank\">Apell der DOV an die Ministerien f\u00fcr Gesundheit und die Staatskanzleien:<\/a>  Umsetzung \u00a7 28a InfSchG zur \u00d6ffnung von Orchester- und Theaterbetrieben bei Unterschreiten von Inzidenzgrenzwerten<\/p>\n\n\n\n<p><a rel=\"noreferrer noopener\" href=\"http:\/\/shok-online.de\/wp-content\/uploads\/2021\/02\/SHOK-in-KN-03.02.2021.pdf\" data-type=\"URL\" data-id=\"http:\/\/shok-online.de\/wp-content\/uploads\/2021\/02\/SHOK-in-KN-03.02.2021.pdf\" target=\"_blank\">Pressereaktion auf den Offenen Brief an die Landesregierung und die Presseerkl\u00e4rung der DOV<\/a><\/p>\n\n\n\n<p><a href=\"http:\/\/shok-online.de\/wp-content\/uploads\/2021\/02\/Stellungnahme-der-SHOK-zum-Perspektivplan-der-Landesregierung.pdf\">Offener Brief an die Landesregierung: Stellungnahme der SHOK zum &#8222;Perspektivplan&#8220; der Landesregierung zur \u00d6ffnung der Theater, Konzerth\u00e4user, Museen <\/a><\/p>\n\n\n\n<p>Die SHOK unterst\u00fctzt die Petition: &#8222;Kultur ins Grundgesetz&#8220;!<br>Hier die Homepage f\u00fcr weitere Infos und die Online-Petition, f\u00fcr alle Mitstreiter und diejenigen, die es werden wollen:<br><a rel=\"noreferrer noopener\" href=\"http:\/\/www.kulturinsgrundgesetz.de\/?fbclid=IwAR3QasolxItjVQbPj079sbcbmWMexUPaxS1gD79YHCwiVUVVj4v7DOoCL-A\" data-type=\"URL\" data-id=\"http:\/\/www.kulturinsgrundgesetz.de\/?fbclid=IwAR3QasolxItjVQbPj079sbcbmWMexUPaxS1gD79YHCwiVUVVj4v7DOoCL-A\" target=\"_blank\">Kultur ins Grundgesetz<\/a><br><a rel=\"noreferrer noopener\" href=\"https:\/\/www.openpetition.de\/petition\/online\/kultur-ins-grundgesetz?fbclid=IwAR3-mFiX53v6gXsjw8lsd-SNZcwCvi-2CGBgQCWyqKmBGT_985lRVhwbCe0\" data-type=\"URL\" data-id=\"https:\/\/www.openpetition.de\/petition\/online\/kultur-ins-grundgesetz?fbclid=IwAR3-mFiX53v6gXsjw8lsd-SNZcwCvi-2CGBgQCWyqKmBGT_985lRVhwbCe0\" target=\"_blank\">Online-Petition<\/a><\/p>\n\n\n\n<p><a href=\"https:\/\/public-api.wordpress.com\/bar\/?stat=groovemails-events&amp;bin=wpcom_email_click&amp;redirect_to=https%3A%2F%2Forchesterland.wordpress.com%2F2021%2F01%2F11%2Faktuelle-aerosol-studie-mindestens-50-der-platze-im-konzerthaus-dortmund-belegbar%2F&amp;sr=1&amp;signature=36a8db70ead2a7b03db69cc4aee74483&amp;user=170224391&amp;_e=eyJlcnJvciI6bnVsbCwiYmxvZ19pZCI6NTg1MTg3MTcsImJsb2dfbGFuZyI6ImRlLURFIiwic2l0ZV9pZF9sYWJlbCI6IndwY29tIiwiZW1haWxfbmFtZSI6ImVtYWlsX3N1YnNjcmlwdGlvbiIsIl91aSI6MTcwMjI0MzkxLCJlbWFpbF9pZCI6IjEyYzY0YmM1YmI5NWEyMDJhZjRjNTM0OTQ1OTIyNmQ4IiwiZGF0ZV9zZW50IjoiMjAyMS0wMS0xMSIsImxvY2FsZSI6ImRlIiwiY3VycmVuY3kiOiJFVVIiLCJjb3VudHJ5X2NvZGVfc2lnbnVwIjoiREUiLCJkb21haW4iOiJvcmNoZXN0ZXJsYW5kLndvcmRwcmVzcy5jb20iLCJmcmVxdWVuY3kiOiIwIiwiZGlnZXN0IjoiMCIsImhhc19odG1sIjoiMSIsImFuY2hvcl90ZXh0IjoiQWt0dWVsbGUgQWVyb3NvbC1TdHVkaWU6IG1pbmRlc3RlbnMgNTAlIGRlciBQbFx1MDBlNHR6ZSBpbSBLb256ZXJ0aGF1cyBEb3J0bXVuZFx1MDBhMGJlbGVnYmFyIiwiX2RyIjpudWxsLCJfZGwiOiJcL3dwXC92Mlwvc2l0ZXNcLzU4NTE4NzE3XC9wb3N0c1wvMTQ4MT9fZW52ZWxvcGU9MSZfZ3V0ZW5iZXJnX25vbmNlPWYwYWI3ZjAzMzcmX2xvY2FsZT11c2VyIiwiX3V0Ijoid3Bjb206dXNlcl9pZCIsIl91bCI6InNob3JjaGVzdGVya29uZmVyZW56IiwiX2VuIjoid3Bjb21fZW1haWxfY2xpY2siLCJfdHMiOjE2MTAzNjYzMzE1MjgsImJyb3dzZXJfdHlwZSI6InBocC1hZ2VudCIsIl9hdWEiOiJ3cGNvbS10cmFja3MtY2xpZW50LXYwLjMiLCJibG9nX3R6IjoiMiIsInVzZXJfbGFuZyI6ImRlIn0&amp;_z=z\" data-type=\"URL\" data-id=\"https:\/\/public-api.wordpress.com\/bar\/?stat=groovemails-events&amp;bin=wpcom_email_click&amp;redirect_to=https%3A%2F%2Forchesterland.wordpress.com%2F2021%2F01%2F11%2Faktuelle-aerosol-studie-mindestens-50-der-platze-im-konzerthaus-dortmund-belegbar%2F&amp;sr=1&amp;signature=36a8db70ead2a7b03db69cc4aee74483&amp;user=170224391&amp;_e=eyJlcnJvciI6bnVsbCwiYmxvZ19pZCI6NTg1MTg3MTcsImJsb2dfbGFuZyI6ImRlLURFIiwic2l0ZV9pZF9sYWJlbCI6IndwY29tIiwiZW1haWxfbmFtZSI6ImVtYWlsX3N1YnNjcmlwdGlvbiIsIl91aSI6MTcwMjI0MzkxLCJlbWFpbF9pZCI6IjEyYzY0YmM1YmI5NWEyMDJhZjRjNTM0OTQ1OTIyNmQ4IiwiZGF0ZV9zZW50IjoiMjAyMS0wMS0xMSIsImxvY2FsZSI6ImRlIiwiY3VycmVuY3kiOiJFVVIiLCJjb3VudHJ5X2NvZGVfc2lnbnVwIjoiREUiLCJkb21haW4iOiJvcmNoZXN0ZXJsYW5kLndvcmRwcmVzcy5jb20iLCJmcmVxdWVuY3kiOiIwIiwiZGlnZXN0IjoiMCIsImhhc19odG1sIjoiMSIsImFuY2hvcl90ZXh0IjoiQWt0dWVsbGUgQWVyb3NvbC1TdHVkaWU6IG1pbmRlc3RlbnMgNTAlIGRlciBQbFx1MDBlNHR6ZSBpbSBLb256ZXJ0aGF1cyBEb3J0bXVuZFx1MDBhMGJlbGVnYmFyIiwiX2RyIjpudWxsLCJfZGwiOiJcL3dwXC92Mlwvc2l0ZXNcLzU4NTE4NzE3XC9wb3N0c1wvMTQ4MT9fZW52ZWxvcGU9MSZfZ3V0ZW5iZXJnX25vbmNlPWYwYWI3ZjAzMzcmX2xvY2FsZT11c2VyIiwiX3V0Ijoid3Bjb206dXNlcl9pZCIsIl91bCI6InNob3JjaGVzdGVya29uZmVyZW56IiwiX2VuIjoid3Bjb21fZW1haWxfY2xpY2siLCJfdHMiOjE2MTAzNjYzMzE1MjgsImJyb3dzZXJfdHlwZSI6InBocC1hZ2VudCIsIl9hdWEiOiJ3cGNvbS10cmFja3MtY2xpZW50LXYwLjMiLCJibG9nX3R6IjoiMiIsInVzZXJfbGFuZyI6ImRlIn0&amp;_z=z\" target=\"_blank\" rel=\"noreferrer noopener\">Neue Aerosol-Studie \u00fcber die r\u00e4umliche Ausbreitung von Aerosolen und CO<sub>2 <\/sub> in einem Konzertsaal<\/a><\/p>\n\n\n\n<p>Spendenaktion #MusikerNothilfe sammelt \u00fcber 2,9 Mio Euro &#8211; <br>Beitrag auf <a rel=\"noreferrer noopener\" href=\"https:\/\/orchesterland.wordpress.com\/2020\/11\/19\/spendenaktion-musikernothilfe-sammelt-uber-29-mio-euro\/\" data-type=\"URL\" data-id=\"https:\/\/orchesterland.wordpress.com\/2020\/11\/19\/spendenaktion-musikernothilfe-sammelt-uber-29-mio-euro\/\" target=\"_blank\">ORCHESTERLAN(D)<\/a><\/p>\n\n\n\n<p>Studie der actori GmbH:<br><a href=\"http:\/\/shok-online.de\/wp-content\/uploads\/2020\/11\/201001_Corona_Studie_Update.pdf\" target=\"_blank\" rel=\"noreferrer noopener\">Auswirkungen der Corona-Krise auf Theater, Opernh\u00e4user, Museen und Soziokulturelle Zentren<\/a><\/p>\n\n\n\n<p><a href=\"https:\/\/youtu.be\/zzOIL--vcuc\" target=\"_blank\" rel=\"noreferrer noopener\">Till Br\u00f6nner: Zur Lage<\/a><\/p>\n\n\n\n<p>Pressemitteilungen der Orchesterkonferenzen <a href=\"http:\/\/shok-online.de\/wp-content\/uploads\/2020\/11\/OKBW-Pressemitteilung.pdf\" target=\"_blank\" rel=\"noreferrer noopener\">Baden-W\u00fcrttemberg<\/a><a href=\"http:\/\/OKBW\" data-type=\"URL\" data-id=\"OKBW\"> <\/a>und <a href=\"http:\/\/shok-online.de\/wp-content\/uploads\/2020\/11\/PM-OK-NRW-Differenzierung-der-Corona-Regeln.pdf\" target=\"_blank\" rel=\"noreferrer noopener\">Nordrhein-Westfalen<\/a><\/p>\n\n\n\n<p><a rel=\"noreferrer noopener\" href=\"https:\/\/orchesterland.wordpress.com\/2020\/04\/25\/zwischen-lockdown-und-lockerung-orchester-in-der-coronakrise\/\" target=\"_blank\">Orchester in der Coronakrise &#8211; Neuer Beitrag auf ORCHESTERLAN(D)<\/a><\/p>\n\n\n\n<p><\/p>\n\n\n\n<div class=\"wp-block-file\"><a href=\"http:\/\/shok-online.de\/wp-content\/uploads\/2019\/11\/SHZ-15.11.2019_Kulturdialog.pdf\">Mehr Geld f\u00fcr Theater:<br>Die Dynamisierung der FAG-Mittel f\u00fcr die Schleswig-Holsteinischen Theater wird von 1,5% auf 2,5% erh\u00f6ht.<br>SHZ 15.11.2019_Kulturdialog<\/a><a href=\"http:\/\/shok-online.de\/wp-content\/uploads\/2019\/11\/SHZ-15.11.2019_Kulturdialog.pdf\" class=\"wp-block-file__button\" download>Herunterladen<\/a><\/div>\n\n\n\n<p>Thema Aushilfshonorare:<br><a href=\"http:\/\/shok-online.de\/wp-content\/uploads\/2019\/09\/DOV-Flyer-Aushilfenhonorare_Ausdruck_Aushang-2.pdf\">Informationen der Deutschen Orchestervereinigung (DOV)<\/a><\/p>\n\n\n\n<p><a rel=\"noreferrer noopener\" aria-label=\"Die Deutsche Orchestervereinigung fordert mehr Finanzsicherheit im Norden (\u00f6ffnet in neuem Tab)\" href=\"https:\/\/www.welt.de\/regionales\/hamburg\/article199682650\/Orchestervereinigung-fordert-mehr-Finanzsicherheit-im-Norden.html\" target=\"_blank\">Die Deutsche Orchestervereinigung fordert mehr Finanzsicherheit im Norden<\/a><\/p>\n\n\n\n<p><\/p>\n\n\n\n<p><strong>Pressemitteilung der DOV vom 04.09.2019: <br><\/strong>Schleswig-Holstein: Drei neue Chefdirigenten am Start:<br>Das Land ist aufgerufen, mehr Finanzierungssicherheit zu schaffen.<br><br>Mit Beginn der neuen Spielzeit und Konzertsaison genie\u00dft Schleswig-Holstein ein seltenes Alleinstellungsmerkmal: An allen drei Orchesterstandorten beginnen neue Chefdirigenten. In Flensburg \u00fcbernimmt Kimbo Ishii den Taktstock, in Kiel Benjamin Reiners und in L\u00fcbeck Stefan Vladar.&nbsp;<\/p>\n\n\n\n<p>\u201eNeue Orchesterchefs setzen wichtige neue musikalische Impulse f\u00fcr das Musikleben einer Stadt und einer Region\u201c, sagt Gerald Mertens, Gesch\u00e4ftsf\u00fchrer der DOV. \u201eDas derartiges zeitgleich an allen H\u00e4usern in einem Bundesland passiert, ist zwar Zufall, aber ebenso ungew\u00f6hnlich. Nach dem Besucherrekord beim j\u00fcngsten Schleswig-Holstein Musikfestival ist zu hoffen, dass auch die Konzertveranstaltungen der drei Berufsorchester von der gewachsenen Publikumsneugier auf spannende Konzerterlebnisse profitieren.\u201c<\/p>\n\n\n\n<p>\u201eBei aller Euphorie f\u00fcr die musikalische Neuanf\u00e4nge ist auch das Land Schleswig-Holstein neben den kommunalen Partnern gefordert, noch mehr Finanzierungssicherheit zu schaffen\u201c, so Mertens weiter. \u201eInsbesondere der angemessene Ausgleich j\u00e4hrlicher Tarifsteigerungen f\u00fcr die Besch\u00e4ftigten der Orchester und Theater stellt ein dr\u00e4ngendes Problem dar.\u201c Mertens abschlie\u00dfend: \u201eIch hoffe sehr, dass sich das Land parallel zum musikalischen Neubeginn noch st\u00e4rker finanziell zu seiner Verantwortung f\u00fcr die professionelle Musikkultur im Norden bekennt.\u201c<\/p>\n\n\n\n<p>V.i.S.d.P.<\/p>\n\n\n\n<p>Gerald Mertens, Gesch\u00e4ftsf\u00fchrer<br><\/p>\n\n\n\n<p><a href=\"http:\/\/shok-online.de\/wp-content\/uploads\/2019\/09\/2019-06-11_DOV-Honorarmindeststandards-f\u00fcr-freie-Orchesterprojekte-2019-1.pdf\">Honorarmindeststandards f\u00fcr freie Orchesterprojekte<\/a><\/p>\n","protected":false},"excerpt":{"rendered":"<p>Pressemitteilung: Niedersachsens Theater und Orchester fordern Tarifvorsorge vom Land Strukturen, Finanzierung, Entwicklungspotentiale der Kommunal- und Staatsorchester in Deutschland &#8211; ORCHESTER 2030 &#8211; Positionspapier der DOV Apell der DOV an die Ministerien f\u00fcr Gesundheit und die Staatskanzleien: Umsetzung \u00a7 28a InfSchG zur \u00d6ffnung von Orchester- und Theaterbetrieben bei Unterschreiten von Inzidenzgrenzwerten Pressereaktion auf den Offenen Brief &hellip; <\/p>\n<p class=\"link-more\"><a href=\"https:\/\/shok-online.de\/?page_id=35\" class=\"more-link\"><span class=\"screen-reader-text\">\u201eAktuelles\u201c<\/span> weiterlesen<\/a><\/p>\n","protected":false},"author":1,"featured_media":0,"parent":0,"menu_order":0,"comment_status":"closed","ping_status":"closed","template":"","meta":[],"_links":{"self":[{"href":"https:\/\/shok-online.de\/index.php?rest_route=\/wp\/v2\/pages\/35"}],"collection":[{"href":"https:\/\/shok-online.de\/index.php?rest_route=\/wp\/v2\/pages"}],"about":[{"href":"https:\/\/shok-online.de\/index.php?rest_route=\/wp\/v2\/types\/page"}],"author":[{"embeddable":true,"href":"https:\/\/shok-online.de\/index.php?rest_route=\/wp\/v2\/users\/1"}],"replies":[{"embeddable":true,"href":"https:\/\/shok-online.de\/index.php?rest_route=%2Fwp%2Fv2%2Fcomments&post=35"}],"version-history":[{"count":24,"href":"https:\/\/shok-online.de\/index.php?rest_route=\/wp\/v2\/pages\/35\/revisions"}],"predecessor-version":[{"id":203,"href":"https:\/\/shok-online.de\/index.php?rest_route=\/wp\/v2\/pages\/35\/revisions\/203"}],"wp:attachment":[{"href":"https:\/\/shok-online.de\/index.php?rest_route=%2Fwp%2Fv2%2Fmedia&parent=35"}],"curies":[{"name":"wp","href":"https:\/\/api.w.org\/{rel}","templated":true}]}}