{"id":53,"date":"2019-09-22T11:37:04","date_gmt":"2019-09-22T11:37:04","guid":{"rendered":"http:\/\/shok-online.de\/?page_id=53"},"modified":"2019-09-24T06:44:49","modified_gmt":"2019-09-24T06:44:49","slug":"unsere-ziele","status":"publish","type":"page","link":"https:\/\/shok-online.de\/?page_id=53","title":{"rendered":"Unsere Ziele"},"content":{"rendered":"\n<p>Die SHOK setzt sich ein f\u00fcr<\/p>\n\n\n\n<ul><li>den Erhalt und Ausbau der Schleswig-Holsteinischen Orchester- und Theaterlandschaft\u00a0<\/li><li>die Verankerung der Kultur in der Landesverfassung\u00a0<\/li><li>die Erh\u00f6hung des Etats f\u00fcr Kultur im Landeshaushalt<\/li><li>eine ausreichende Dynamisierung der Etats bei zu erwarteten tariflichen Gehaltserh\u00f6hungen<\/li><li>einen fortw\u00e4hrender Dialog mit Vertreter*innen der Politik, Verwaltung und \u00d6ffentlichkeit.<\/li><\/ul>\n\n\n\n<p>Neben diesen politisch ausgerichteten Bestrebungen und Zielen dient die SHOK auch als Forum f\u00fcr den Informationsaustausch zwischen den drei Orchestern in Schleswig-Holstein.<br>Durch regelm\u00e4\u00dfige Treffen und kommunikativen Austausch der SHOK-Mitglieder werden innerorchestrale Strukturen, Traditionen und Entwicklungen transparent, die Innovation und synergetische Effekte zwischen den drei Klangk\u00f6rpern nach sich ziehen.<\/p>\n","protected":false},"excerpt":{"rendered":"<p>Die SHOK setzt sich ein f\u00fcr den Erhalt und Ausbau der Schleswig-Holsteinischen Orchester- und Theaterlandschaft\u00a0 die Verankerung der Kultur in der Landesverfassung\u00a0 die Erh\u00f6hung des Etats f\u00fcr Kultur im Landeshaushalt eine ausreichende Dynamisierung der Etats bei zu erwarteten tariflichen Gehaltserh\u00f6hungen einen fortw\u00e4hrender Dialog mit Vertreter*innen der Politik, Verwaltung und \u00d6ffentlichkeit. Neben diesen politisch ausgerichteten Bestrebungen &hellip; <\/p>\n<p class=\"link-more\"><a href=\"https:\/\/shok-online.de\/?page_id=53\" class=\"more-link\"><span class=\"screen-reader-text\">\u201eUnsere Ziele\u201c<\/span> weiterlesen<\/a><\/p>\n","protected":false},"author":1,"featured_media":0,"parent":0,"menu_order":0,"comment_status":"closed","ping_status":"closed","template":"","meta":[],"_links":{"self":[{"href":"https:\/\/shok-online.de\/index.php?rest_route=\/wp\/v2\/pages\/53"}],"collection":[{"href":"https:\/\/shok-online.de\/index.php?rest_route=\/wp\/v2\/pages"}],"about":[{"href":"https:\/\/shok-online.de\/index.php?rest_route=\/wp\/v2\/types\/page"}],"author":[{"embeddable":true,"href":"https:\/\/shok-online.de\/index.php?rest_route=\/wp\/v2\/users\/1"}],"replies":[{"embeddable":true,"href":"https:\/\/shok-online.de\/index.php?rest_route=%2Fwp%2Fv2%2Fcomments&post=53"}],"version-history":[{"count":12,"href":"https:\/\/shok-online.de\/index.php?rest_route=\/wp\/v2\/pages\/53\/revisions"}],"predecessor-version":[{"id":112,"href":"https:\/\/shok-online.de\/index.php?rest_route=\/wp\/v2\/pages\/53\/revisions\/112"}],"wp:attachment":[{"href":"https:\/\/shok-online.de\/index.php?rest_route=%2Fwp%2Fv2%2Fmedia&parent=53"}],"curies":[{"name":"wp","href":"https:\/\/api.w.org\/{rel}","templated":true}]}}